{"id":522,"date":"2025-09-18T19:57:25","date_gmt":"2025-09-18T17:57:25","guid":{"rendered":"https:\/\/boulstrup.net\/lystgaardsparken\/?page_id=522"},"modified":"2025-09-18T19:57:25","modified_gmt":"2025-09-18T17:57:25","slug":"aeblemost","status":"publish","type":"page","link":"https:\/\/boulstrup.net\/lystgaardsparken\/aeblemost\/","title":{"rendered":"Lav din egen \u00e6blemost"},"content":{"rendered":"\n<p>Grundejerforeningen r\u00e5der over et s\u00e6t til at lave sin egen \u00e6blemost fra <a href=\"https:\/\/raapress.dk\/\" data-type=\"link\" data-id=\"https:\/\/raapress.dk\/\">Raapress<\/a><\/p>\n\n\n\n<figure class=\"wp-block-image size-large\"><img loading=\"lazy\" decoding=\"async\" width=\"1024\" height=\"873\" src=\"https:\/\/boulstrup.net\/lystgaardsparken\/wp-content\/uploads\/2025\/09\/image-1024x873.png\" alt=\"\" class=\"wp-image-523\" srcset=\"https:\/\/boulstrup.net\/lystgaardsparken\/wp-content\/uploads\/2025\/09\/image-1024x873.png 1024w, https:\/\/boulstrup.net\/lystgaardsparken\/wp-content\/uploads\/2025\/09\/image-300x256.png 300w, https:\/\/boulstrup.net\/lystgaardsparken\/wp-content\/uploads\/2025\/09\/image-768x655.png 768w, https:\/\/boulstrup.net\/lystgaardsparken\/wp-content\/uploads\/2025\/09\/image.png 1074w\" sizes=\"auto, (max-width: 1024px) 100vw, 1024px\" \/><\/figure>\n\n\n\n<p>S\u00e6ttet best\u00e5r af:<br>&#8211; Elektrisk frugtkv\u00e6rn<br>&#8211; Frugtpr\u00e6sse<\/p>\n\n\n\n<p>Det du beh\u00f8ver ud over dette er:<br>&#8211; \u00c6bler (selvf\u00f8lgelig)<br>&#8211; Flasker til den ferdige most<br>&#8211; Diverse spande og beholdere til kv\u00e6rnet frugt og \u00e6blemost<br>&#8211; Stor gryde (hvis du \u00f8nsker at pasteurisere mosten for l\u00e6ngere holdbarhed)<\/p>\n\n\n\n<p>Kontakt Joakim Schweizer p\u00e5\u00a0<a href=\"tel:20594294\">20594294<\/a>\u00a0eller p\u00e5\u00a0<a href=\"mailto:joakim.schweizer@gmail.com\">mail<\/a>\u00a0for udl\u00e5n af udstyr.<\/p>\n\n\n\n<p><\/p>\n","protected":false},"excerpt":{"rendered":"<p>Grundejerforeningen r\u00e5der over et s\u00e6t til at lave sin egen \u00e6blemost fra Raapress S\u00e6ttet best\u00e5r af:&#8211; Elektrisk frugtkv\u00e6rn&#8211; Frugtpr\u00e6sse Det du beh\u00f8ver ud over dette er:&#8211; \u00c6bler (selvf\u00f8lgelig)&#8211; Flasker til den ferdige most&#8211; Diverse spande og beholdere til kv\u00e6rnet frugt &hellip; <a href=\"https:\/\/boulstrup.net\/lystgaardsparken\/aeblemost\/\">L\u00e6s resten <span class=\"meta-nav\">&rarr;<\/span><\/a><\/p>\n","protected":false},"author":1,"featured_media":0,"parent":0,"menu_order":0,"comment_status":"closed","ping_status":"closed","template":"","meta":{"footnotes":""},"class_list":["post-522","page","type-page","status-publish","hentry"],"_links":{"self":[{"href":"https:\/\/boulstrup.net\/lystgaardsparken\/wp-json\/wp\/v2\/pages\/522","targetHints":{"allow":["GET"]}}],"collection":[{"href":"https:\/\/boulstrup.net\/lystgaardsparken\/wp-json\/wp\/v2\/pages"}],"about":[{"href":"https:\/\/boulstrup.net\/lystgaardsparken\/wp-json\/wp\/v2\/types\/page"}],"author":[{"embeddable":true,"href":"https:\/\/boulstrup.net\/lystgaardsparken\/wp-json\/wp\/v2\/users\/1"}],"replies":[{"embeddable":true,"href":"https:\/\/boulstrup.net\/lystgaardsparken\/wp-json\/wp\/v2\/comments?post=522"}],"version-history":[{"count":1,"href":"https:\/\/boulstrup.net\/lystgaardsparken\/wp-json\/wp\/v2\/pages\/522\/revisions"}],"predecessor-version":[{"id":524,"href":"https:\/\/boulstrup.net\/lystgaardsparken\/wp-json\/wp\/v2\/pages\/522\/revisions\/524"}],"wp:attachment":[{"href":"https:\/\/boulstrup.net\/lystgaardsparken\/wp-json\/wp\/v2\/media?parent=522"}],"curies":[{"name":"wp","href":"https:\/\/api.w.org\/{rel}","templated":true}]}}