{"id":501,"date":"2025-01-25T12:40:55","date_gmt":"2025-01-25T11:40:55","guid":{"rendered":"https:\/\/boulstrup.net\/lystgaardsparken\/?page_id=501"},"modified":"2025-01-25T12:42:20","modified_gmt":"2025-01-25T11:42:20","slug":"festtelt-pavilion","status":"publish","type":"page","link":"https:\/\/boulstrup.net\/lystgaardsparken\/festtelt-pavilion\/","title":{"rendered":"Festtelt\/Pavilion"},"content":{"rendered":"\n<p>Vores grundejerforening har et pavilion telt, som vi tilbyder gratis udl\u00e5n til medlemmer af foreningen. Teltet er ideelt til fester, sammenkomster og andre udend\u00f8rs arrangementer. For at sikre en fair og ordentlig brug af teltet, skal f\u00f8lgende regler overholdes:<\/p>\n\n\n\n<p><strong>Hvem kan l\u00e5ne teltet?<\/strong><\/p>\n\n\n\n<ul class=\"wp-block-list\">\n<li>Teltet kan kun l\u00e5nes af medlemmer, der er tilknyttet grundejerforeningen og har betalt det \u00e5rlige medlemsgebyr.<\/li>\n\n\n\n<li>L\u00e5net af teltet er gratis, men medlemmerne skal selv transportere og ops\u00e6tte teltet samt s\u00f8rge for, at det bliver pakket sammen og afleveret i god stand.<\/li>\n<\/ul>\n\n\n\n<p><strong>Hvem m\u00e5&nbsp;<em>ikke<\/em>&nbsp;l\u00e5ne teltet?<\/strong><\/p>\n\n\n\n<ul class=\"wp-block-list\">\n<li>Teltet m\u00e5 kun anvendes af det medlem, der har l\u00e5nt det. Det er ikke tilladt at l\u00e5ne teltet og derefter overdrage det til andre personer, som f.eks. familiemedlemmer eller venner, til at afholde arrangementet.<\/li>\n\n\n\n<li>Teltet m\u00e5 ikke bruges til kommercielle form\u00e5l, s\u00e5som at leje det ud til ikke-medlemmer eller bruge det som en del af en betalt service.<\/li>\n<\/ul>\n\n\n\n<p><strong>Brug udenfor foreningens omr\u00e5de:<\/strong><\/p>\n\n\n\n<ul class=\"wp-block-list\">\n<li>Det er ikke en begr\u00e6nsning, at teltet bruges indenfor grundejerforeningens geografiske omr\u00e5de, s\u00e5 l\u00e6nge alle \u00f8vrige regler overholdes.<\/li>\n<\/ul>\n\n\n\n<p><strong>Ansvar:<\/strong><\/p>\n\n\n\n<ul class=\"wp-block-list\">\n<li>L\u00e5neren er ansvarlig for, at teltet bliver opstillet og nedtaget korrekt samt opbevares forsvarligt.<\/li>\n\n\n\n<li>L\u00e5neren er ansvarlig for, at teltet bliver forsvarligt sikret under brug. Dette indeb\u00e6rer is\u00e6r, at teltet skal fastg\u00f8res ordentligt i jorden for at sikre det i tilf\u00e6lde af kraftig vind.<\/li>\n\n\n\n<li>L\u00e5neren skal sikre, at teltet st\u00e5r stabilt og ikke udg\u00f8r en sikkerhedsrisiko for andre.<\/li>\n\n\n\n<li>Hvis teltet bliver beskadiget under brug, skal l\u00e5neren d\u00e6kke omkostningerne for reparation eller erstatning.&nbsp;&nbsp;<\/li>\n<\/ul>\n\n\n\n<p>Vi h\u00e5ber, at teltet vil blive brugt til mange hyggelige og velorganiserede arrangementer \u2013 og at reglerne bidrager til, at det forbliver i god stand til gl\u00e6de for alle medlemmer.<\/p>\n\n\n\n<p><strong>Er teltet ledig?<\/strong> Se kalender for hvorn\u00e5r teltet er ledig <a href=\"https:\/\/boulstrup.net\/lystgaardsparken\/events\/kategori\/festtelt\/\">-> her &lt;-<\/a><\/p>\n\n\n\n<p><strong>Booking af teltet:<\/strong>&nbsp;For at reservere teltet, Kontakt Joakim Schweizer p\u00e5 <a href=\"tel:20594294\">20594294<\/a> eller p\u00e5 <a href=\"mailto:joakim.schweizer@gmail.com\" data-type=\"mailto\" data-id=\"mailto:joakim.schweizer@gmail.com\">mail<\/a> for reservation af telt.<\/p>\n","protected":false},"excerpt":{"rendered":"<p>Vores grundejerforening har et pavilion telt, som vi tilbyder gratis udl\u00e5n til medlemmer af foreningen. Teltet er ideelt til fester, sammenkomster og andre udend\u00f8rs arrangementer. For at sikre en fair og ordentlig brug af teltet, skal f\u00f8lgende regler overholdes: Hvem &hellip; <a href=\"https:\/\/boulstrup.net\/lystgaardsparken\/festtelt-pavilion\/\">L\u00e6s resten <span class=\"meta-nav\">&rarr;<\/span><\/a><\/p>\n","protected":false},"author":1,"featured_media":0,"parent":0,"menu_order":0,"comment_status":"closed","ping_status":"closed","template":"","meta":{"footnotes":""},"class_list":["post-501","page","type-page","status-publish","hentry"],"_links":{"self":[{"href":"https:\/\/boulstrup.net\/lystgaardsparken\/wp-json\/wp\/v2\/pages\/501","targetHints":{"allow":["GET"]}}],"collection":[{"href":"https:\/\/boulstrup.net\/lystgaardsparken\/wp-json\/wp\/v2\/pages"}],"about":[{"href":"https:\/\/boulstrup.net\/lystgaardsparken\/wp-json\/wp\/v2\/types\/page"}],"author":[{"embeddable":true,"href":"https:\/\/boulstrup.net\/lystgaardsparken\/wp-json\/wp\/v2\/users\/1"}],"replies":[{"embeddable":true,"href":"https:\/\/boulstrup.net\/lystgaardsparken\/wp-json\/wp\/v2\/comments?post=501"}],"version-history":[{"count":3,"href":"https:\/\/boulstrup.net\/lystgaardsparken\/wp-json\/wp\/v2\/pages\/501\/revisions"}],"predecessor-version":[{"id":504,"href":"https:\/\/boulstrup.net\/lystgaardsparken\/wp-json\/wp\/v2\/pages\/501\/revisions\/504"}],"wp:attachment":[{"href":"https:\/\/boulstrup.net\/lystgaardsparken\/wp-json\/wp\/v2\/media?parent=501"}],"curies":[{"name":"wp","href":"https:\/\/api.w.org\/{rel}","templated":true}]}}