{"id":50,"date":"2023-10-31T19:09:34","date_gmt":"2023-10-31T19:09:34","guid":{"rendered":"https:\/\/boulstrup.net\/lystgaardsparken\/tempwordpress\/?page_id=50"},"modified":"2025-12-14T19:42:40","modified_gmt":"2025-12-14T18:42:40","slug":"vedtaegter","status":"publish","type":"page","link":"https:\/\/boulstrup.net\/lystgaardsparken\/","title":{"rendered":"Velkommen til Lystg\u00e5rdsparken"},"content":{"rendered":"\n<p><strong>Form\u00e5l<\/strong><br>Grundejerforeningens form\u00e5l er at varetage f\u00e6lles interesser for beboere i Lystg\u00e5rdsparken.<br><br><strong>Vedt\u00e6gter for Grundejerforeningen Lystg\u00e5rdsparken<\/strong><br><a href=\"https:\/\/boulstrup.net\/lystgaardsparken\/PDF\/Vedtaegter\/vedtaegter_2012.pdf\">Hent de nyeste vedt\u00e6gter her<\/a><br><a href=\"https:\/\/boulstrup.net\/lystgaardsparken\/PDF\/Vedtaegter\/Vejfonden.pdf\">Vedt\u00e6gter vejfond<\/a><br><br><strong>Lidt om vores byv\u00e5ben<\/strong><br>Boulstrups byv\u00e5bens gr\u00f8nne farve er valgt med tanke p\u00e5 den omkringliggende<br>natur. Kornaksene er symbol p\u00e5 landbruget, men ogs\u00e5 p\u00e5 v\u00e6kst i generel forstand. Hammeren skal minde om s\u00e5vel h\u00e5ndv\u00e6rk som industri. De bl\u00e5 former minder om havets n\u00e6rhed og skal samtidig danne symbol for byens f\u00e6llesskab.<\/p>\n","protected":false},"excerpt":{"rendered":"<p>Form\u00e5lGrundejerforeningens form\u00e5l er at varetage f\u00e6lles interesser for beboere i Lystg\u00e5rdsparken. Vedt\u00e6gter for Grundejerforeningen Lystg\u00e5rdsparkenHent de nyeste vedt\u00e6gter herVedt\u00e6gter vejfond Lidt om vores byv\u00e5benBoulstrups byv\u00e5bens gr\u00f8nne farve er valgt med tanke p\u00e5 den omkringliggendenatur. Kornaksene er symbol p\u00e5 landbruget, men &hellip; <a href=\"https:\/\/boulstrup.net\/lystgaardsparken\/\">L\u00e6s resten <span class=\"meta-nav\">&rarr;<\/span><\/a><\/p>\n","protected":false},"author":1,"featured_media":0,"parent":0,"menu_order":0,"comment_status":"closed","ping_status":"closed","template":"","meta":{"footnotes":""},"class_list":["post-50","page","type-page","status-publish","hentry"],"_links":{"self":[{"href":"https:\/\/boulstrup.net\/lystgaardsparken\/wp-json\/wp\/v2\/pages\/50","targetHints":{"allow":["GET"]}}],"collection":[{"href":"https:\/\/boulstrup.net\/lystgaardsparken\/wp-json\/wp\/v2\/pages"}],"about":[{"href":"https:\/\/boulstrup.net\/lystgaardsparken\/wp-json\/wp\/v2\/types\/page"}],"author":[{"embeddable":true,"href":"https:\/\/boulstrup.net\/lystgaardsparken\/wp-json\/wp\/v2\/users\/1"}],"replies":[{"embeddable":true,"href":"https:\/\/boulstrup.net\/lystgaardsparken\/wp-json\/wp\/v2\/comments?post=50"}],"version-history":[{"count":6,"href":"https:\/\/boulstrup.net\/lystgaardsparken\/wp-json\/wp\/v2\/pages\/50\/revisions"}],"predecessor-version":[{"id":539,"href":"https:\/\/boulstrup.net\/lystgaardsparken\/wp-json\/wp\/v2\/pages\/50\/revisions\/539"}],"wp:attachment":[{"href":"https:\/\/boulstrup.net\/lystgaardsparken\/wp-json\/wp\/v2\/media?parent=50"}],"curies":[{"name":"wp","href":"https:\/\/api.w.org\/{rel}","templated":true}]}}