{"id":43,"date":"2023-10-31T19:07:14","date_gmt":"2023-10-31T19:07:14","guid":{"rendered":"https:\/\/boulstrup.net\/lystgaardsparken\/tempwordpress\/?page_id=43"},"modified":"2025-09-18T19:49:13","modified_gmt":"2025-09-18T17:49:13","slug":"opslagstavlen","status":"publish","type":"page","link":"https:\/\/boulstrup.net\/lystgaardsparken\/opslagstavlen\/","title":{"rendered":"Opslagstavlen"},"content":{"rendered":"\n<p><strong><strong>L\u00e5n af festtelt<br><\/strong><\/strong>Grundejerforeningen r\u00e5der over et festtelt, som medlemmer kan l\u00e5ne.<br>Information om dette findes <a href=\"https:\/\/boulstrup.net\/lystgaardsparken\/festtelt-pavilion\/\">-&gt; her &lt;-<\/a><\/p>\n\n\n\n<p><strong><strong>Snerydning<\/strong><br><\/strong>Grundejerforeningen har en aftale med en entrepren\u00f8r om at rydde de private f\u00e6llesveje for sne, n\u00e5r dette sk\u00f8nnes n\u00f8dvendigt. Kontakt evt Frank Poulsen p\u00e5&nbsp;<a href=\"tel:30862402\">30862402<\/a><\/p>\n\n\n\n<p><strong><strong>Glatf\u00f8rebek\u00e6mpelse<\/strong><br><\/strong>Den enkelte grundejer er ansvarlig for at rydde sne omkring sin ejendom inkl. fortov og sti ud for ejendommen. Man har ogs\u00e5 pligt til at s\u00f8rge for, at adgangen til postkassen og renovationsbeholderne er ryddet for sne.<\/p>\n\n\n\n<p>Desuden er den enkelte grundejer ansvarlig for at bek\u00e6mpe glat f\u00f8re omkring sin ejendom inkl. fortov, sti og k\u00f8rebane ud for ejendommen. Man har ogs\u00e5 pligt til at s\u00f8rge for, at adgangen til postkassen og renovationsbeholderne er glatf\u00f8rebek\u00e6mpet.<\/p>\n\n\n\n<p><strong><strong>\u00c6blemost-s\u00e6t<\/strong><br><\/strong>Grundejerforeningen r\u00e5der over et s\u00e6t til at lave sine \u00e6bler om til \u00e6blemost som medlemmer kan l\u00e5ne. Information om dette findes <a href=\"https:\/\/boulstrup.net\/lystgaardsparken\/aeblemost\/\" data-type=\"page\" data-id=\"501\">-> her &lt;-<\/a><\/p>\n\n\n\n<p><strong>Webside<\/strong><br>Lystg\u00e5rdsparkens webside vedligeholdes af webmaster <a href=\"mailto:joakim.schweizer@gmail.com\">Joakim Schweizer<\/a><\/p>\n","protected":false},"excerpt":{"rendered":"<p>L\u00e5n af festteltGrundejerforeningen r\u00e5der over et festtelt, som medlemmer kan l\u00e5ne.Information om dette findes -&gt; her &lt;- SnerydningGrundejerforeningen har en aftale med en entrepren\u00f8r om at rydde de private f\u00e6llesveje for sne, n\u00e5r dette sk\u00f8nnes n\u00f8dvendigt. Kontakt evt Frank Poulsen &hellip; <a href=\"https:\/\/boulstrup.net\/lystgaardsparken\/opslagstavlen\/\">L\u00e6s resten <span class=\"meta-nav\">&rarr;<\/span><\/a><\/p>\n","protected":false},"author":1,"featured_media":0,"parent":0,"menu_order":0,"comment_status":"closed","ping_status":"closed","template":"","meta":{"footnotes":""},"class_list":["post-43","page","type-page","status-publish","hentry"],"_links":{"self":[{"href":"https:\/\/boulstrup.net\/lystgaardsparken\/wp-json\/wp\/v2\/pages\/43","targetHints":{"allow":["GET"]}}],"collection":[{"href":"https:\/\/boulstrup.net\/lystgaardsparken\/wp-json\/wp\/v2\/pages"}],"about":[{"href":"https:\/\/boulstrup.net\/lystgaardsparken\/wp-json\/wp\/v2\/types\/page"}],"author":[{"embeddable":true,"href":"https:\/\/boulstrup.net\/lystgaardsparken\/wp-json\/wp\/v2\/users\/1"}],"replies":[{"embeddable":true,"href":"https:\/\/boulstrup.net\/lystgaardsparken\/wp-json\/wp\/v2\/comments?post=43"}],"version-history":[{"count":12,"href":"https:\/\/boulstrup.net\/lystgaardsparken\/wp-json\/wp\/v2\/pages\/43\/revisions"}],"predecessor-version":[{"id":520,"href":"https:\/\/boulstrup.net\/lystgaardsparken\/wp-json\/wp\/v2\/pages\/43\/revisions\/520"}],"wp:attachment":[{"href":"https:\/\/boulstrup.net\/lystgaardsparken\/wp-json\/wp\/v2\/media?parent=43"}],"curies":[{"name":"wp","href":"https:\/\/api.w.org\/{rel}","templated":true}]}}