{"id":49207,"date":"2020-03-19T00:07:47","date_gmt":"2020-03-18T23:07:47","guid":{"rendered":"https:\/\/boulstrup.net\/forsamlingshus\/?page_id=49207"},"modified":"2020-04-11T19:35:39","modified_gmt":"2020-04-11T18:35:39","slug":"persondatapolitik","status":"publish","type":"page","link":"https:\/\/boulstrup.net\/forsamlingshus\/persondatapolitik\/","title":{"rendered":"Persondatapolitik"},"content":{"rendered":"<p>[et_pb_section fb_built=&#8221;1&#8243; admin_label=&#8221;section&#8221; _builder_version=&#8221;3.22&#8243;][et_pb_row column_structure=&#8221;3_4,1_4&#8243; admin_label=&#8221;row&#8221; _builder_version=&#8221;4.3.2&#8243; background_size=&#8221;initial&#8221; background_position=&#8221;top_left&#8221; background_repeat=&#8221;repeat&#8221; custom_margin=&#8221;||||false|false&#8221; custom_padding=&#8221;15px|15px|15px|15px|true|true&#8221; box_shadow_style=&#8221;preset1&#8243;][et_pb_column type=&#8221;3_4&#8243; _builder_version=&#8221;3.25&#8243; custom_padding=&#8221;|||&#8221; custom_padding__hover=&#8221;|||&#8221;][et_pb_text admin_label=&#8221;Text&#8221; _builder_version=&#8221;4.4.1&#8243; background_size=&#8221;initial&#8221; background_position=&#8221;top_left&#8221; background_repeat=&#8221;repeat&#8221; hover_enabled=&#8221;0&#8243;]<\/p>\n<h1><img loading=\"lazy\" decoding=\"async\" src=\"https:\/\/boulstrup.net\/forsamlingshus\/wp-content\/uploads\/2020\/03\/persondatapolitik-kopi3.png\" width=\"896\" height=\"177\" alt=\"\" class=\"wp-image-49242 alignnone size-full\" srcset=\"https:\/\/boulstrup.net\/forsamlingshus\/wp-content\/uploads\/2020\/03\/persondatapolitik-kopi3.png 896w, https:\/\/boulstrup.net\/forsamlingshus\/wp-content\/uploads\/2020\/03\/persondatapolitik-kopi3-480x95.png 480w\" sizes=\"(min-width: 0px) and (max-width: 480px) 480px, (min-width: 481px) 896px, 100vw\" \/>Persondatapolitik hos Boulstrup Forsamlingshus<\/h1>\n<p>Vi indhenter kun persondata i de tilf\u00e6lde, hvor dette er relevant for os, og vi vil kun indhente persondata, hvis det er relevant for din aktivitet hos Boulstrup Forsamlingshus.<\/p>\n<p>Ved indsamling, behandling og anvendelse af dine persondata overholder vi altid alle relevante lovbestemmelser.<\/p>\n<p>Vi vil kun opbevare dine persondata, s\u00e5 l\u00e6nge vi enten er p\u00e5lagt en juridisk forpligtelse hertil, eller s\u00e5 l\u00e6nge det er relevant for den hensigt, hvormed de blev indsamlet &#8211; se mere under &#8220;Behandlingsgrundlag og form\u00e5l&#8221; l\u00e6ngere nede p\u00e5 siden.<\/p>\n<h3>Oplysninger vi indsamler<\/h3>\n<p><strong>Boulstrup Forsamlingshus<\/strong> indsamler og behandler dine persondata og evt. bankinformation, n\u00e5r du foretager dig f\u00f8lgende:<\/p>\n<ul>\n<li>Foretager en booking af forsamlingshuset (persondata og bankkonto-information)<\/li>\n<li>Sender os sp\u00f8rgsm\u00e5l, reklamationer eller feedback via e-mail (navn og e-mailadresse)<\/li>\n<\/ul>\n<h3>Den dataansvarlige<\/h3>\n<p>Den dataansvarlige for indsamling, behandling og anvendelse af dine personoplysninger p\u00e5 www.boulstrup.net\/forsamlingshus er Boulstrup Forsamlingshus, Vesterg\u00e5rdsvej 48, 8300 Odder, cvr nr. 39772892<\/p>\n<h3>Behandlingsgrundlag og form\u00e5l<\/h3>\n<p>Dine almindelige kontaktoplysninger som navn og adresse indhenter vi for at kunne levere det produkt eller den ydelse, som du har k\u00f8bt hos os.<br \/> Din e-mailadresse indhenter vi for at kunne sende dig en ordrebekr\u00e6ftelse og opretholde kommunikation vedr. booking af forsamlingshuset.<\/p>\n<p>Dine bankinformationer, som du oplyser ved booking, bruges udelukkende til at refundere depositum for afsluttet leje af Boulstrup Forsamlingshus.<\/p>\n<p>Dine oplysninger vil blive slettet 2 \u00e5r efter din booking er afsluttet og f\u00e6rdigbehandlet.<\/p>\n<h3>Andre modtagere af personoplysninger<\/h3>\n<p>Vi videregiver eller s\u00e6lger ikke dine persondata til tredjemand, og vi overf\u00f8rer ikke dine persondata til tredjelande.<\/p>\n<p>Vi har vores hjemmeside hos cHosting.dk , som fungerer som vores databehandler. Alle persondata som du oplyser p\u00e5 vores hjemmeside vil blive opbevaret i cHosting.dks datacentre.<\/p>\n<h3>Dine rettigheder<\/h3>\n<p>Som den registrerede har du en r\u00e6kke rettigheder, som vi til enhver tid skal sikre opfyldelse af. Du har ret til at anmode os om f\u00f8lgende:<\/p>\n<ul>\n<li>At f\u00e5 adgang til og f\u00e5 rettet\/\u00e6ndret dine persondata<\/li>\n<li>At f\u00e5 slettet persondata.\n<ul>\n<li>BEM\u00c6RK: \u00d8nsker du at f\u00e5 slettet persondata f\u00f8rend din booking af forsamlingshuset er afsluttet, vil din booking ikke kunne gennemf\u00f8res.<\/li>\n<\/ul>\n<\/li>\n<\/ul>\n<p>Du har derudover ret til at protestere over behandlingen af dine personlige data, og du har ret til at indgive klage til en databeskyttelsesmyndighed.<\/p>\n<p>\u00d8nsker du ikke l\u00e6ngere, at vi skal behandle dine personoplysninger, eller at vi skal begr\u00e6nse behandlingen af dine personoplysninger, kan du ogs\u00e5 sende os en anmodning herom til vores e-mailadresse &#x66;&#111;r&#x73;&#x61;&#109;l&#x69;&#x6e;&#103;s&#x68;&#117;s&#x40;&#x62;&#111;u&#x6c;&#x73;&#116;r&#x75;&#112;&#46;&#x6e;&#x65;&#116;.<\/p>\n<p>[\/et_pb_text][\/et_pb_column][et_pb_column type=&#8221;1_4&#8243; _builder_version=&#8221;3.25&#8243; custom_padding=&#8221;|||&#8221; custom_padding__hover=&#8221;|||&#8221;][et_pb_sidebar area=&#8221;et_pb_widget_area_1&#8243; _builder_version=&#8221;4.3.2&#8243;][\/et_pb_sidebar][\/et_pb_column][\/et_pb_row][\/et_pb_section][et_pb_section fb_built=&#8221;1&#8243; admin_label=&#8221;Section&#8221; _builder_version=&#8221;3.22&#8243; background_color=&#8221;#3c3d41&#8243; custom_padding=&#8221;0px||0px|&#8221; custom_padding_tablet=&#8221;0px||0px|&#8221; transparent_background=&#8221;off&#8221; padding_mobile=&#8221;on&#8221; make_fullwidth=&#8221;off&#8221; use_custom_width=&#8221;off&#8221; width_unit=&#8221;on&#8221; global_module=&#8221;48772&#8243; saved_tabs=&#8221;all&#8221;][et_pb_row column_structure=&#8221;1_4,1_4,1_4,1_4&#8243; use_custom_gutter=&#8221;on&#8221; column_padding_mobile=&#8221;on&#8221; admin_label=&#8221;Row&#8221; _builder_version=&#8221;4.3.2&#8243; background_size=&#8221;initial&#8221; background_position=&#8221;top_left&#8221; background_repeat=&#8221;repeat&#8221; custom_padding=&#8221;50px||||false|false&#8221; make_fullwidth=&#8221;off&#8221; use_custom_width=&#8221;off&#8221; width_unit=&#8221;on&#8221;][et_pb_column type=&#8221;1_4&#8243; _builder_version=&#8221;3.25&#8243; custom_padding=&#8221;|||&#8221; custom_padding__hover=&#8221;|||&#8221;][et_pb_text admin_label=&#8221;Text&#8221; _builder_version=&#8221;4.3.2&#8243; text_font=&#8221;Source Sans Pro||||&#8221; text_text_color=&#8221;#aaaaaa&#8221; text_font_size=&#8221;16&#8243; text_line_height=&#8221;1.5em&#8221; header_font_size=&#8221;25px&#8221; header_3_font=&#8221;|700|||||||&#8221; header_3_text_color=&#8221;#ffffff&#8221; background_size=&#8221;initial&#8221; background_position=&#8221;top_left&#8221; background_repeat=&#8221;repeat&#8221; max_width=&#8221;300px&#8221; custom_margin=&#8221;||||false|false&#8221; custom_margin_tablet=&#8221;||10px|&#8221; custom_margin_phone=&#8221;&#8221; custom_margin_last_edited=&#8221;on|tablet&#8221; custom_padding=&#8221;||||false|false&#8221; header_font_size_tablet=&#8221;20px&#8221; header_font_size_phone=&#8221;18px&#8221; header_font_size_last_edited=&#8221;on|desktop&#8221; header_3_font_size_tablet=&#8221;20px&#8221; header_3_font_size_phone=&#8221;&#8221; header_3_font_size_last_edited=&#8221;on|phone&#8221; use_border_color=&#8221;off&#8221; border_color=&#8221;#ffffff&#8221; border_style=&#8221;solid&#8221;]<\/p>\n<h3>Boulstrup Forsamlngshus<\/h3>\n<p>Vesterg\u00e5rdsvej 48,<br \/>Boulstrup<br \/>8300 Odder<\/p>\n<p>CVR: 39772892<\/p>\n<p>[\/et_pb_text][\/et_pb_column][et_pb_column type=&#8221;1_4&#8243; _builder_version=&#8221;3.25&#8243; custom_padding=&#8221;|||&#8221; custom_padding__hover=&#8221;|||&#8221;][et_pb_text admin_label=&#8221;Text&#8221; _builder_version=&#8221;4.3.2&#8243; text_font=&#8221;Source Sans Pro||||&#8221; text_text_color=&#8221;#aaaaaa&#8221; text_font_size=&#8221;16&#8243; text_line_height=&#8221;1.5em&#8221; header_font_size=&#8221;25px&#8221; header_3_font=&#8221;|700|||||||&#8221; header_3_text_color=&#8221;#ffffff&#8221; background_size=&#8221;initial&#8221; background_position=&#8221;top_left&#8221; background_repeat=&#8221;repeat&#8221; max_width=&#8221;300px&#8221; custom_margin=&#8221;||||false|false&#8221; custom_margin_tablet=&#8221;||10px|&#8221; custom_margin_phone=&#8221;&#8221; custom_margin_last_edited=&#8221;on|tablet&#8221; custom_padding=&#8221;||||false|false&#8221; header_font_size_tablet=&#8221;20px&#8221; header_font_size_phone=&#8221;18px&#8221; header_font_size_last_edited=&#8221;on|desktop&#8221; header_3_font_size_tablet=&#8221;20px&#8221; header_3_font_size_phone=&#8221;&#8221; header_3_font_size_last_edited=&#8221;on|phone&#8221; use_border_color=&#8221;off&#8221; border_color=&#8221;#ffffff&#8221; border_style=&#8221;solid&#8221;]<\/p>\n<h3>Bank<\/h3>\n<p>Nordea, Odder afd.<\/p>\n<p>Reg.nr. 1944<br \/> Kontonr. 9440 118 691<\/p>\n<p>[\/et_pb_text][\/et_pb_column][et_pb_column type=&#8221;1_4&#8243; _builder_version=&#8221;3.25&#8243; custom_padding=&#8221;|||&#8221; custom_padding__hover=&#8221;|||&#8221;][et_pb_text admin_label=&#8221;Text&#8221; _builder_version=&#8221;4.3.2&#8243; text_font=&#8221;Source Sans Pro||||&#8221; text_text_color=&#8221;#aaaaaa&#8221; text_font_size=&#8221;16&#8243; text_line_height=&#8221;1.5em&#8221; header_3_font=&#8221;|700|||||||&#8221; header_3_text_color=&#8221;#ffffff&#8221; background_size=&#8221;initial&#8221; background_position=&#8221;top_left&#8221; background_repeat=&#8221;repeat&#8221; max_width=&#8221;300px&#8221; custom_margin=&#8221;||||false|false&#8221; custom_margin_tablet=&#8221;||10px|&#8221; custom_margin_phone=&#8221;&#8221; custom_margin_last_edited=&#8221;on|tablet&#8221; custom_padding=&#8221;||||false|false&#8221; header_3_font_size_tablet=&#8221;&#8221; header_3_font_size_phone=&#8221;&#8221; header_3_font_size_last_edited=&#8221;on|tablet&#8221; use_border_color=&#8221;off&#8221; border_color=&#8221;#ffffff&#8221; border_style=&#8221;solid&#8221;]<\/p>\n<h3>Kontakt<\/h3>\n<p>E-mail:<br \/> <a href=\"&#109;a&#x69;l&#x74;&#111;&#x3a;&#102;&#x6f;&#114;s&#x61;m&#x6c;&#105;&#x6e;&#103;&#x73;&#104;&#x75;&#115;&#64;&#x62;o&#x75;&#108;&#x73;&#116;&#x72;&#117;p&#x2e;n&#x65;&#116;\">&#102;&#x6f;&#114;&#x73;&#97;&#x6d;l&#x69;n&#103;&#x73;&#104;&#x75;&#115;&#x40;b&#x6f;u&#108;&#x73;&#116;&#x72;&#117;&#x70;&#46;&#x6e;e&#x74;<\/a><\/p>\n<p>Telefon:\u00a0<a href=\"tel:+4529625750\">2962 5750<\/a><\/p>\n<p>[\/et_pb_text][\/et_pb_column][et_pb_column type=&#8221;1_4&#8243; _builder_version=&#8221;4.3.2&#8243;][et_pb_text admin_label=&#8221;Text&#8221; _builder_version=&#8221;4.3.2&#8243; text_font=&#8221;Source Sans Pro||||&#8221; text_text_color=&#8221;#aaaaaa&#8221; text_font_size=&#8221;16&#8243; text_line_height=&#8221;1.5em&#8221; header_3_font=&#8221;|700|||||||&#8221; header_3_text_color=&#8221;#ffffff&#8221; header_3_font_size=&#8221;20px&#8221; background_size=&#8221;initial&#8221; background_position=&#8221;top_left&#8221; background_repeat=&#8221;repeat&#8221; max_width=&#8221;300px&#8221; custom_margin=&#8221;||30px|&#8221; custom_margin_tablet=&#8221;||10px|&#8221; custom_margin_phone=&#8221;&#8221; custom_margin_last_edited=&#8221;on|tablet&#8221; custom_padding=&#8221;0px|||&#8221; header_3_font_size_tablet=&#8221;&#8221; header_3_font_size_phone=&#8221;&#8221; header_3_font_size_last_edited=&#8221;on|desktop&#8221; use_border_color=&#8221;off&#8221; border_color=&#8221;#ffffff&#8221; border_style=&#8221;solid&#8221;]<\/p>\n<h3>Udlejning<\/h3>\n<p><a href=\"\/forsamlingshus\/booking\/\">Booking<\/a><\/p>\n<p><a href=\"\/forsamlingshus\/priser\/\">Priser<\/a><\/p>\n<p><a href=\"\/forsamlingshus\/reglement\/\">Reglement<\/a><span style=\"font-size: 16px;\"><\/span><\/p>\n<p><a href=\"\/forsamlingshus\/persondatapolitik\/\">Persondatapolitik<\/a><\/p>\n<p><a href=\"tel:29625750\"><\/a><\/p>\n<p>[\/et_pb_text][\/et_pb_column][\/et_pb_row][et_pb_row _builder_version=&#8221;4.3.2&#8243; custom_margin=&#8221;-20px||||false|false&#8221;][et_pb_column type=&#8221;4_4&#8243; _builder_version=&#8221;4.3.2&#8243;][et_pb_text _builder_version=&#8221;4.3.2&#8243; text_text_color=&#8221;#999999&#8243;]<\/p>\n<p style=\"text-align: center;\">&copy; <span class=\"divibooster_year\"><\/span><script>jQuery(function($){$(\".divibooster_year\").text(new Date().getFullYear());});<\/script> Boulstrup Forsamlingshus<\/p>\n<p>[\/et_pb_text][\/et_pb_column][\/et_pb_row][\/et_pb_section]<\/p>\n","protected":false},"excerpt":{"rendered":"<p>Persondatapolitik hos Boulstrup Forsamlingshus Vi indhenter kun persondata i de tilf\u00e6lde, hvor dette er relevant for os, og vi vil kun indhente persondata, hvis det er relevant for din aktivitet hos Boulstrup Forsamlingshus. Ved indsamling, behandling og anvendelse af dine persondata overholder vi altid alle relevante lovbestemmelser. Vi vil kun opbevare dine persondata, s\u00e5 l\u00e6nge [&hellip;]<\/p>\n","protected":false},"author":1,"featured_media":49231,"parent":0,"menu_order":0,"comment_status":"closed","ping_status":"closed","template":"","meta":{"_acf_changed":false,"_et_pb_use_builder":"on","_et_pb_old_content":"<h1>Persondatapolitik hos Boulstrup Forsamlingshus<\/h1>\r\nVi indhenter kun persondata i de tilf\u00e6lde, hvor dette skulle v\u00e6re relevant for os, og vi vil kun indhente persondata, hvis det er relevant for din aktivitet hos Boulstrup Forsamlingshus.\r\n\r\nVed indsamling, behandling og anvendelse af dine persondata overholder vi altid alle relevante lovbestemmelser.\r\n\r\nVi vil kun opbevare dine persondata, s\u00e5 l\u00e6nge vi enten er p\u00e5lagt en juridisk forpligtelse hertil, eller s\u00e5 l\u00e6nge det er relevant for den hensigt, hvormed de blev indsamlet - se mere under \"Behandlingsgrundlag og form\u00e5l\" l\u00e6ngere nede p\u00e5 siden.\r\n<h3>Oplysninger vi indsamler<\/h3>\r\n<strong>Boulstrup Forsamlingshus<\/strong> indsamler og behandler dine persondata og evt. bankinformation, n\u00e5r du foretager dig f\u00f8lgende:\r\n<ul>\r\n \t<li>Foretager en booking af forsamlingshuset (persondata og bankkonto-information)<\/li>\r\n \t<li>Sender os sp\u00f8rgsm\u00e5l, reklamationer eller feedback via e-mail (navn og e-mailadresse)<\/li>\r\n<\/ul>\r\n<h3>Den dataansvarlige<\/h3>\r\nDen dataansvarlige for indsamling, behandling og anvendelse af dine personoplysninger p\u00e5 www.boulstrup.net\/forsamlingshus er Boulstrup Forsamlingshus, Vesterg\u00e5rdsvej 48, 8300 Odder, cvr nr. 39772892\r\n<h3>Behandlingsgrundlag og form\u00e5l<\/h3>\r\nDine almindelige kontaktoplysninger som navn og adresse indhenter vi for at kunne levere det produkt eller den ydelse, som du har k\u00f8bt hos os.\r\nDin e-mailadresse indhenter vi for at kunne sende dig en ordrebekr\u00e6ftelse og opretholde kommunikation vedr. booking af forsamlingshuset.\r\n\r\nDine bankinformationer, som du oplyser ved booking, bruges udelukkende til at refundere depositum for afsluttet leje af Boulstrup Forsamlingshus.\r\n\r\nDine oplysninger vil blive slettet 2 \u00e5r efter din booking er afsluttet og f\u00e6rdigbehandlet.\r\n<h3>Andre modtagere af personoplysninger<\/h3>\r\nVi s\u00e6lger ikke dine persondata til tredjemand, og vi overf\u00f8rer ikke dine persondata til tredjelande.\r\n\r\nVi har vores hjemmeside hos cHosting.dk , som fungerer som vores databehandler. Alle persondata som du oplyser p\u00e5 vores hjemmeside vil blive opbevaret i cHosting.dks datacentre.\r\n\r\nVi har indg\u00e5et databehandleraftaler med vores databehandlere, hvilket er vores garanti for, at de overholder g\u00e6ldende regler om beskyttelse af dine personoplysninger.\r\n<h3>Dine rettigheder<\/h3>\r\nSom den registrerede har du en r\u00e6kke rettigheder, som vi til enhver tid skal sikre opfyldelse af. Du har ret til at anmode os om f\u00f8lgende:\r\n<ul>\r\n \t<li>At f\u00e5 adgang til og f\u00e5 rettet\/\u00e6ndret dine persondata<\/li>\r\n \t<li>At f\u00e5 slettet persondata.\r\n<ul>\r\n \t<li>BEM\u00c6RK: \u00d8nsker du at f\u00e5 slettet persondata f\u00f8rend din booking af forsamlingshuset er afsluttet, vil din booking ikke kunne gennemf\u00f8res.<\/li>\r\n<\/ul>\r\n<\/li>\r\n<\/ul>\r\nDu har derudover ret til at protestere over behandlingen af dine personlige data, og du har ret til at indgive klage til en databeskyttelsesmyndighed.\r\n\r\n\u00d8nsker du ikke l\u00e6ngere, at vi skal behandle dine personoplysninger, eller at vi skal begr\u00e6nse behandlingen af dine personoplysninger, kan du ogs\u00e5 sende os en anmodning herom til vores e-mailadresse forsamlingshus@boulstrup.net.","_et_gb_content_width":"","footnotes":""},"class_list":["post-49207","page","type-page","status-publish","has-post-thumbnail","hentry"],"acf":[],"yoast_head":"<!-- This site is optimized with the Yoast SEO plugin v27.4 - https:\/\/yoast.com\/product\/yoast-seo-wordpress\/ -->\n<title>Persondatapolitik - Boulstrup Forsamlingshus<\/title>\n<meta name=\"description\" content=\"Persondatapolitik. L\u00e6s hvordan vi behandler dine personlige data.\" \/>\n<meta name=\"robots\" content=\"index, follow, max-snippet:-1, max-image-preview:large, max-video-preview:-1\" \/>\n<link rel=\"canonical\" href=\"https:\/\/boulstrup.net\/forsamlingshus\/persondatapolitik\/\" \/>\n<meta property=\"og:locale\" content=\"da_DK\" \/>\n<meta property=\"og:type\" content=\"article\" \/>\n<meta property=\"og:title\" content=\"Persondatapolitik - Boulstrup Forsamlingshus\" \/>\n<meta property=\"og:description\" content=\"Persondatapolitik. L\u00e6s hvordan vi behandler dine personlige data.\" \/>\n<meta property=\"og:url\" content=\"https:\/\/boulstrup.net\/forsamlingshus\/persondatapolitik\/\" \/>\n<meta property=\"og:site_name\" content=\"Boulstrup Forsamlingshus\" \/>\n<meta property=\"article:modified_time\" content=\"2020-04-11T18:35:39+00:00\" \/>\n<meta name=\"twitter:card\" content=\"summary_large_image\" \/>\n<meta name=\"twitter:label1\" content=\"Estimeret l\u00e6setid\" \/>\n\t<meta name=\"twitter:data1\" content=\"6 minutter\" \/>\n<script type=\"application\/ld+json\" class=\"yoast-schema-graph\">{\"@context\":\"https:\\\/\\\/schema.org\",\"@graph\":[{\"@type\":\"WebPage\",\"@id\":\"https:\\\/\\\/boulstrup.net\\\/forsamlingshus\\\/persondatapolitik\\\/\",\"url\":\"https:\\\/\\\/boulstrup.net\\\/forsamlingshus\\\/persondatapolitik\\\/\",\"name\":\"Persondatapolitik - Boulstrup Forsamlingshus\",\"isPartOf\":{\"@id\":\"https:\\\/\\\/boulstrup.net\\\/forsamlingshus\\\/#website\"},\"primaryImageOfPage\":{\"@id\":\"https:\\\/\\\/boulstrup.net\\\/forsamlingshus\\\/persondatapolitik\\\/#primaryimage\"},\"image\":{\"@id\":\"https:\\\/\\\/boulstrup.net\\\/forsamlingshus\\\/persondatapolitik\\\/#primaryimage\"},\"thumbnailUrl\":\"\",\"datePublished\":\"2020-03-18T23:07:47+00:00\",\"dateModified\":\"2020-04-11T18:35:39+00:00\",\"description\":\"Persondatapolitik. L\u00e6s hvordan vi behandler dine personlige data.\",\"breadcrumb\":{\"@id\":\"https:\\\/\\\/boulstrup.net\\\/forsamlingshus\\\/persondatapolitik\\\/#breadcrumb\"},\"inLanguage\":\"da-DK\",\"potentialAction\":[{\"@type\":\"ReadAction\",\"target\":[\"https:\\\/\\\/boulstrup.net\\\/forsamlingshus\\\/persondatapolitik\\\/\"]}]},{\"@type\":\"ImageObject\",\"inLanguage\":\"da-DK\",\"@id\":\"https:\\\/\\\/boulstrup.net\\\/forsamlingshus\\\/persondatapolitik\\\/#primaryimage\",\"url\":\"\",\"contentUrl\":\"\"},{\"@type\":\"BreadcrumbList\",\"@id\":\"https:\\\/\\\/boulstrup.net\\\/forsamlingshus\\\/persondatapolitik\\\/#breadcrumb\",\"itemListElement\":[{\"@type\":\"ListItem\",\"position\":1,\"name\":\"Home\",\"item\":\"https:\\\/\\\/boulstrup.net\\\/forsamlingshus\\\/\"},{\"@type\":\"ListItem\",\"position\":2,\"name\":\"Persondatapolitik\"}]},{\"@type\":\"WebSite\",\"@id\":\"https:\\\/\\\/boulstrup.net\\\/forsamlingshus\\\/#website\",\"url\":\"https:\\\/\\\/boulstrup.net\\\/forsamlingshus\\\/\",\"name\":\"Boulstrup Forsamlingshus\",\"description\":\"Boulstrup Forsamlingshus - privat udlejning, lokalr\u00e5dets arrangementer, julemarked m.m.\",\"publisher\":{\"@id\":\"https:\\\/\\\/boulstrup.net\\\/forsamlingshus\\\/#organization\"},\"potentialAction\":[{\"@type\":\"SearchAction\",\"target\":{\"@type\":\"EntryPoint\",\"urlTemplate\":\"https:\\\/\\\/boulstrup.net\\\/forsamlingshus\\\/?s={search_term_string}\"},\"query-input\":{\"@type\":\"PropertyValueSpecification\",\"valueRequired\":true,\"valueName\":\"search_term_string\"}}],\"inLanguage\":\"da-DK\"},{\"@type\":\"Organization\",\"@id\":\"https:\\\/\\\/boulstrup.net\\\/forsamlingshus\\\/#organization\",\"name\":\"Boulstrup Forsamlingshus\",\"url\":\"https:\\\/\\\/boulstrup.net\\\/forsamlingshus\\\/\",\"logo\":{\"@type\":\"ImageObject\",\"inLanguage\":\"da-DK\",\"@id\":\"https:\\\/\\\/boulstrup.net\\\/forsamlingshus\\\/#\\\/schema\\\/logo\\\/image\\\/\",\"url\":\"https:\\\/\\\/boulstrup.net\\\/forsamlingshus\\\/wp-content\\\/uploads\\\/2019\\\/09\\\/bf-nylogo_tilpasset_ny2.png\",\"contentUrl\":\"https:\\\/\\\/boulstrup.net\\\/forsamlingshus\\\/wp-content\\\/uploads\\\/2019\\\/09\\\/bf-nylogo_tilpasset_ny2.png\",\"width\":650,\"height\":200,\"caption\":\"Boulstrup Forsamlingshus\"},\"image\":{\"@id\":\"https:\\\/\\\/boulstrup.net\\\/forsamlingshus\\\/#\\\/schema\\\/logo\\\/image\\\/\"}}]}<\/script>\n<!-- \/ Yoast SEO plugin. -->","yoast_head_json":{"title":"Persondatapolitik - Boulstrup Forsamlingshus","description":"Persondatapolitik. L\u00e6s hvordan vi behandler dine personlige data.","robots":{"index":"index","follow":"follow","max-snippet":"max-snippet:-1","max-image-preview":"max-image-preview:large","max-video-preview":"max-video-preview:-1"},"canonical":"https:\/\/boulstrup.net\/forsamlingshus\/persondatapolitik\/","og_locale":"da_DK","og_type":"article","og_title":"Persondatapolitik - Boulstrup Forsamlingshus","og_description":"Persondatapolitik. L\u00e6s hvordan vi behandler dine personlige data.","og_url":"https:\/\/boulstrup.net\/forsamlingshus\/persondatapolitik\/","og_site_name":"Boulstrup Forsamlingshus","article_modified_time":"2020-04-11T18:35:39+00:00","twitter_card":"summary_large_image","twitter_misc":{"Estimeret l\u00e6setid":"6 minutter"},"schema":{"@context":"https:\/\/schema.org","@graph":[{"@type":"WebPage","@id":"https:\/\/boulstrup.net\/forsamlingshus\/persondatapolitik\/","url":"https:\/\/boulstrup.net\/forsamlingshus\/persondatapolitik\/","name":"Persondatapolitik - Boulstrup Forsamlingshus","isPartOf":{"@id":"https:\/\/boulstrup.net\/forsamlingshus\/#website"},"primaryImageOfPage":{"@id":"https:\/\/boulstrup.net\/forsamlingshus\/persondatapolitik\/#primaryimage"},"image":{"@id":"https:\/\/boulstrup.net\/forsamlingshus\/persondatapolitik\/#primaryimage"},"thumbnailUrl":"","datePublished":"2020-03-18T23:07:47+00:00","dateModified":"2020-04-11T18:35:39+00:00","description":"Persondatapolitik. L\u00e6s hvordan vi behandler dine personlige data.","breadcrumb":{"@id":"https:\/\/boulstrup.net\/forsamlingshus\/persondatapolitik\/#breadcrumb"},"inLanguage":"da-DK","potentialAction":[{"@type":"ReadAction","target":["https:\/\/boulstrup.net\/forsamlingshus\/persondatapolitik\/"]}]},{"@type":"ImageObject","inLanguage":"da-DK","@id":"https:\/\/boulstrup.net\/forsamlingshus\/persondatapolitik\/#primaryimage","url":"","contentUrl":""},{"@type":"BreadcrumbList","@id":"https:\/\/boulstrup.net\/forsamlingshus\/persondatapolitik\/#breadcrumb","itemListElement":[{"@type":"ListItem","position":1,"name":"Home","item":"https:\/\/boulstrup.net\/forsamlingshus\/"},{"@type":"ListItem","position":2,"name":"Persondatapolitik"}]},{"@type":"WebSite","@id":"https:\/\/boulstrup.net\/forsamlingshus\/#website","url":"https:\/\/boulstrup.net\/forsamlingshus\/","name":"Boulstrup Forsamlingshus","description":"Boulstrup Forsamlingshus - privat udlejning, lokalr\u00e5dets arrangementer, julemarked m.m.","publisher":{"@id":"https:\/\/boulstrup.net\/forsamlingshus\/#organization"},"potentialAction":[{"@type":"SearchAction","target":{"@type":"EntryPoint","urlTemplate":"https:\/\/boulstrup.net\/forsamlingshus\/?s={search_term_string}"},"query-input":{"@type":"PropertyValueSpecification","valueRequired":true,"valueName":"search_term_string"}}],"inLanguage":"da-DK"},{"@type":"Organization","@id":"https:\/\/boulstrup.net\/forsamlingshus\/#organization","name":"Boulstrup Forsamlingshus","url":"https:\/\/boulstrup.net\/forsamlingshus\/","logo":{"@type":"ImageObject","inLanguage":"da-DK","@id":"https:\/\/boulstrup.net\/forsamlingshus\/#\/schema\/logo\/image\/","url":"https:\/\/boulstrup.net\/forsamlingshus\/wp-content\/uploads\/2019\/09\/bf-nylogo_tilpasset_ny2.png","contentUrl":"https:\/\/boulstrup.net\/forsamlingshus\/wp-content\/uploads\/2019\/09\/bf-nylogo_tilpasset_ny2.png","width":650,"height":200,"caption":"Boulstrup Forsamlingshus"},"image":{"@id":"https:\/\/boulstrup.net\/forsamlingshus\/#\/schema\/logo\/image\/"}}]}},"_links":{"self":[{"href":"https:\/\/boulstrup.net\/forsamlingshus\/wp-json\/wp\/v2\/pages\/49207","targetHints":{"allow":["GET"]}}],"collection":[{"href":"https:\/\/boulstrup.net\/forsamlingshus\/wp-json\/wp\/v2\/pages"}],"about":[{"href":"https:\/\/boulstrup.net\/forsamlingshus\/wp-json\/wp\/v2\/types\/page"}],"author":[{"embeddable":true,"href":"https:\/\/boulstrup.net\/forsamlingshus\/wp-json\/wp\/v2\/users\/1"}],"replies":[{"embeddable":true,"href":"https:\/\/boulstrup.net\/forsamlingshus\/wp-json\/wp\/v2\/comments?post=49207"}],"version-history":[{"count":15,"href":"https:\/\/boulstrup.net\/forsamlingshus\/wp-json\/wp\/v2\/pages\/49207\/revisions"}],"predecessor-version":[{"id":49395,"href":"https:\/\/boulstrup.net\/forsamlingshus\/wp-json\/wp\/v2\/pages\/49207\/revisions\/49395"}],"wp:featuredmedia":[{"embeddable":true,"href":"https:\/\/boulstrup.net\/forsamlingshus\/wp-json\/"}],"wp:attachment":[{"href":"https:\/\/boulstrup.net\/forsamlingshus\/wp-json\/wp\/v2\/media?parent=49207"}],"curies":[{"name":"wp","href":"https:\/\/api.w.org\/{rel}","templated":true}]}}