{"id":4003,"date":"2019-09-15T18:19:19","date_gmt":"2019-09-15T18:19:19","guid":{"rendered":"https:\/\/roboform.dk\/wp\/?page_id=4003"},"modified":"2025-12-30T23:05:23","modified_gmt":"2025-12-30T22:05:23","slug":"galleri","status":"publish","type":"page","link":"https:\/\/boulstrup.net\/forsamlingshus\/galleri\/","title":{"rendered":"Galleri"},"content":{"rendered":"<p>[et_pb_section fb_built=&#8221;1&#8243; fullwidth=&#8221;on&#8221; admin_label=&#8221;Hero Section&#8221; _builder_version=&#8221;4.16&#8243; background_image=&#8221;https:\/\/boulstrup.net\/forsamlingshus\/wp-content\/uploads\/2019\/09\/fhus_forside_test.jpg&#8221; background_enable_image=&#8221;on&#8221; da_disable_devices=&#8221;off|off|off&#8221; global_colors_info=&#8221;{}&#8221; da_is_popup=&#8221;off&#8221; da_exit_intent=&#8221;off&#8221; da_has_close=&#8221;on&#8221; da_alt_close=&#8221;off&#8221; da_dark_close=&#8221;off&#8221; da_not_modal=&#8221;on&#8221; da_is_singular=&#8221;off&#8221; da_with_loader=&#8221;off&#8221; da_has_shadow=&#8221;on&#8221;][et_pb_fullwidth_header title=&#8221;Boulstrup Forsamlingshus&#8221; subhead=&#8221;Galleri&#8221; text_orientation=&#8221;right&#8221; button_one_url=&#8221;@ET-DC@eyJkeW5hbWljIjp0cnVlLCJjb250ZW50IjoicG9zdF9saW5rX3VybF9wYWdlIiwic2V0dGluZ3MiOnsicG9zdF9pZCI6IjM5MTMifX0=@&#8221; button_two_url=&#8221;@ET-DC@eyJkeW5hbWljIjp0cnVlLCJjb250ZW50IjoicG9zdF9saW5rX3VybF9wYWdlIiwic2V0dGluZ3MiOnsicG9zdF9pZCI6IjIxMiJ9fQ==@&#8221; background_overlay_color=&#8221;rgba(0,0,0,0.72)&#8221; content_max_width=&#8221;550px&#8221; _builder_version=&#8221;4.16&#8243; _dynamic_attributes=&#8221;button_one_url,button_two_url&#8221; title_font=&#8221;Poppins|700||on|||||&#8221; title_text_color=&#8221;#edbb5f&#8221; title_font_size=&#8221;14px&#8221; title_letter_spacing=&#8221;2px&#8221; title_line_height=&#8221;1.8em&#8221; subhead_font=&#8221;Playfair Display|700||on|||||&#8221; subhead_font_size=&#8221;30px&#8221; subhead_line_height=&#8221;1.4em&#8221; background_color=&#8221;rgba(255, 255, 255, 0)&#8221; background_image=&#8221;https:\/\/roboform.dk\/wp\/wp-content\/uploads\/2019\/09\/fhus_forside_test.jpg&#8221; custom_button_one=&#8221;on&#8221; button_one_border_width=&#8221;1px&#8221; button_one_border_color=&#8221;rgba(255,255,255,0.3)&#8221; button_one_border_radius=&#8221;0px&#8221; button_one_letter_spacing=&#8221;1px&#8221; button_one_font=&#8221;Saira Extra Condensed|600||on|||||&#8221; button_one_use_icon=&#8221;off&#8221; custom_button_two=&#8221;on&#8221; button_two_border_width=&#8221;1px&#8221; button_two_border_color=&#8221;rgba(255,255,255,0.3)&#8221; button_two_border_radius=&#8221;0px&#8221; button_two_letter_spacing=&#8221;1px&#8221; button_two_font=&#8221;Saira Extra Condensed|600||on|||||&#8221; button_two_use_icon=&#8221;off&#8221; module_alignment=&#8221;right&#8221; custom_margin=&#8221;|||&#8221; custom_padding=&#8221;||||false|false&#8221; subhead_font_tablet=&#8221;&#8221; subhead_font_phone=&#8221;&#8221; subhead_font_last_edited=&#8221;on|phone&#8221; button_one_text_color_hover=&#8221;#edbb5f&#8221; button_two_text_color_hover=&#8221;#edbb5f&#8221; button_one_bg_color_hover=&#8221;rgba(0,0,0,0)&#8221; button_two_bg_color_hover=&#8221;rgba(0,0,0,0)&#8221; global_colors_info=&#8221;{}&#8221; button_one_text_size__hover_enabled=&#8221;off&#8221; button_two_text_size__hover_enabled=&#8221;off&#8221; button_one_text_color__hover_enabled=&#8221;on&#8221; button_one_text_color__hover=&#8221;#edbb5f&#8221; button_two_text_color__hover_enabled=&#8221;on&#8221; button_two_text_color__hover=&#8221;#edbb5f&#8221; button_one_border_width__hover_enabled=&#8221;off&#8221; button_two_border_width__hover_enabled=&#8221;off&#8221; button_one_border_color__hover_enabled=&#8221;off&#8221; button_two_border_color__hover_enabled=&#8221;off&#8221; button_one_border_radius__hover_enabled=&#8221;off&#8221; button_two_border_radius__hover_enabled=&#8221;off&#8221; button_one_letter_spacing__hover_enabled=&#8221;off&#8221; button_two_letter_spacing__hover_enabled=&#8221;off&#8221; button_one_bg_color__hover_enabled=&#8221;on&#8221; button_one_bg_color__hover=&#8221;rgba(0,0,0,0)&#8221; button_two_bg_color__hover_enabled=&#8221;on&#8221; button_two_bg_color__hover=&#8221;rgba(0,0,0,0)&#8221;][\/et_pb_fullwidth_header][\/et_pb_section][et_pb_section fb_built=&#8221;1&#8243; _builder_version=&#8221;4.16&#8243; da_disable_devices=&#8221;off|off|off&#8221; global_colors_info=&#8221;{}&#8221; da_is_popup=&#8221;off&#8221; da_exit_intent=&#8221;off&#8221; da_has_close=&#8221;on&#8221; da_alt_close=&#8221;off&#8221; da_dark_close=&#8221;off&#8221; da_not_modal=&#8221;on&#8221; da_is_singular=&#8221;off&#8221; da_with_loader=&#8221;off&#8221; da_has_shadow=&#8221;on&#8221;][et_pb_row column_structure=&#8221;3_4,1_4&#8243; use_custom_gutter=&#8221;on&#8221; gutter_width=&#8221;1&#8243; _builder_version=&#8221;4.16&#8243; width=&#8221;100%&#8221; module_alignment=&#8221;center&#8221; global_colors_info=&#8221;{}&#8221;][et_pb_column type=&#8221;3_4&#8243; _builder_version=&#8221;4.16&#8243; global_colors_info=&#8221;{}&#8221;][et_pb_text _builder_version=&#8221;4.16&#8243; custom_margin=&#8221;10px|10px|10px|10px|true|true&#8221; custom_padding=&#8221;10px|10px|10px|10px|true|true&#8221; global_colors_info=&#8221;{}&#8221;]<\/p>\n<h1>Billeder fra forsamlingshuset<\/h1>\n<h3>Vi savner nye billeder<\/h3>\n<p>Nedenst\u00e5ende finder du nogle lidt \u00e6ldre billeder af forsamlingshuset. Desv\u00e6rre har det ikke v\u00e6ret muligt at f\u00e5 helt nye billeder med bordd\u00e6kning m.m., men siden vil blive opdateret med nye billeder (de gamle erstattes), s\u00e5 snart dette er muligt. Ligger du inde med billeder, som vi gerne m\u00e5 bruge p\u00e5 siden, s\u00e5 send gerne en e-mail til J\u00f8rgen p\u00e5\u00a0<span><a href=\"&#x6d;&#97;&#x69;&#x6c;&#116;&#x6f;&#x3a;&#119;&#x65;&#x62;&#109;&#x61;&#x73;t&#x65;&#x72;&#64;&#x62;&#111;u&#x6c;&#115;t&#x72;&#117;p&#x2e;&#110;e&#x74;\">w&#101;&#x62;&#x6d;&#x61;s&#116;&#x65;&#x72;&#x40;b&#111;&#x75;&#x6c;&#x73;t&#114;&#x75;&#x70;&#x2e;n&#101;&#x74;<\/a><\/span>.<\/p>\n<p>[\/et_pb_text][et_pb_gallery gallery_ids=&#8221;4063,4065,4064,4062,4056,48615,4060,4061,4059,4058,4057,4055,48625,49666,49720,49719,49718&#8243; posts_number=&#8221;17&#8243; show_pagination=&#8221;off&#8221; _builder_version=&#8221;4.27.5&#8243; title_level=&#8221;h5&#8243; title_font=&#8221;||||||||&#8221; title_text_align=&#8221;left&#8221; title_font_size=&#8221;12px&#8221; hover_enabled=&#8221;0&#8243; dbdb_version=&#8221;4.12.1&#8243; border_width_all=&#8221;5px&#8221; border_color_all=&#8221;rgba(0,0,0,0)&#8221; global_colors_info=&#8221;{}&#8221; show_title_and_caption=&#8221;off&#8221; sticky_enabled=&#8221;0&#8243;][\/et_pb_gallery][\/et_pb_column][et_pb_column type=&#8221;1_4&#8243; _builder_version=&#8221;4.16&#8243; global_colors_info=&#8221;{}&#8221;][et_pb_sidebar area=&#8221;et_pb_widget_area_1&#8243; _builder_version=&#8221;4.16&#8243; global_colors_info=&#8221;{}&#8221;][\/et_pb_sidebar][\/et_pb_column][\/et_pb_row][\/et_pb_section][et_pb_section fb_built=&#8221;1&#8243; admin_label=&#8221;Section&#8221; _builder_version=&#8221;3.22&#8243; background_color=&#8221;#3c3d41&#8243; custom_padding=&#8221;0px||0px|&#8221; custom_padding_tablet=&#8221;0px||0px|&#8221; da_disable_devices=&#8221;off|off|off&#8221; transparent_background=&#8221;off&#8221; padding_mobile=&#8221;on&#8221; make_fullwidth=&#8221;off&#8221; use_custom_width=&#8221;off&#8221; width_unit=&#8221;on&#8221; global_module=&#8221;48772&#8243; saved_tabs=&#8221;all&#8221; global_colors_info=&#8221;{}&#8221; da_is_popup=&#8221;off&#8221; da_exit_intent=&#8221;off&#8221; da_has_close=&#8221;on&#8221; da_alt_close=&#8221;off&#8221; da_dark_close=&#8221;off&#8221; da_not_modal=&#8221;on&#8221; da_is_singular=&#8221;off&#8221; da_with_loader=&#8221;off&#8221; da_has_shadow=&#8221;on&#8221;][et_pb_row column_structure=&#8221;1_4,1_4,1_4,1_4&#8243; use_custom_gutter=&#8221;on&#8221; column_padding_mobile=&#8221;on&#8221; admin_label=&#8221;Row&#8221; _builder_version=&#8221;4.16&#8243; background_size=&#8221;initial&#8221; background_position=&#8221;top_left&#8221; background_repeat=&#8221;repeat&#8221; custom_padding=&#8221;50px||||false|false&#8221; make_fullwidth=&#8221;off&#8221; use_custom_width=&#8221;off&#8221; width_unit=&#8221;on&#8221; global_colors_info=&#8221;{}&#8221;][et_pb_column type=&#8221;1_4&#8243; _builder_version=&#8221;4.16&#8243; custom_padding=&#8221;|||&#8221; global_colors_info=&#8221;{}&#8221; custom_padding__hover=&#8221;|||&#8221;][et_pb_text admin_label=&#8221;Text&#8221; _builder_version=&#8221;4.27.0&#8243; text_font=&#8221;Source Sans Pro||||&#8221; text_text_color=&#8221;#aaaaaa&#8221; text_font_size=&#8221;16&#8243; text_line_height=&#8221;1.5em&#8221; header_font_size=&#8221;25px&#8221; header_3_font=&#8221;|700|||||||&#8221; header_3_text_color=&#8221;#ffffff&#8221; background_size=&#8221;initial&#8221; background_position=&#8221;top_left&#8221; background_repeat=&#8221;repeat&#8221; max_width=&#8221;300px&#8221; custom_margin=&#8221;||||false|false&#8221; custom_margin_tablet=&#8221;||10px|&#8221; custom_margin_phone=&#8221;&#8221; custom_margin_last_edited=&#8221;on|tablet&#8221; custom_padding=&#8221;||||false|false&#8221; header_font_size_tablet=&#8221;20px&#8221; header_font_size_phone=&#8221;18px&#8221; header_font_size_last_edited=&#8221;on|desktop&#8221; header_3_font_size_tablet=&#8221;20px&#8221; header_3_font_size_phone=&#8221;&#8221; header_3_font_size_last_edited=&#8221;on|phone&#8221; use_border_color=&#8221;off&#8221; border_color=&#8221;#ffffff&#8221; border_style=&#8221;solid&#8221; global_colors_info=&#8221;{}&#8221;]<\/p>\n<h3>Boulstrup Forsamlingshus<\/h3>\n<p>Vesterg\u00e5rdsvej 48,<br \/>Boulstrup<br \/>8300 Odder<\/p>\n<p>CVR: 39772892<\/p>\n<p>[\/et_pb_text][\/et_pb_column][et_pb_column type=&#8221;1_4&#8243; _builder_version=&#8221;4.16&#8243; custom_padding=&#8221;|||&#8221; global_colors_info=&#8221;{}&#8221; custom_padding__hover=&#8221;|||&#8221;][et_pb_text admin_label=&#8221;Text&#8221; _builder_version=&#8221;4.16&#8243; text_font=&#8221;Source Sans Pro||||&#8221; text_text_color=&#8221;#aaaaaa&#8221; text_font_size=&#8221;16&#8243; text_line_height=&#8221;1.5em&#8221; header_font_size=&#8221;25px&#8221; header_3_font=&#8221;|700|||||||&#8221; header_3_text_color=&#8221;#ffffff&#8221; background_size=&#8221;initial&#8221; background_position=&#8221;top_left&#8221; background_repeat=&#8221;repeat&#8221; max_width=&#8221;300px&#8221; custom_margin=&#8221;||||false|false&#8221; custom_margin_tablet=&#8221;||10px|&#8221; custom_margin_phone=&#8221;&#8221; custom_margin_last_edited=&#8221;on|tablet&#8221; custom_padding=&#8221;||||false|false&#8221; header_font_size_tablet=&#8221;20px&#8221; header_font_size_phone=&#8221;18px&#8221; header_font_size_last_edited=&#8221;on|desktop&#8221; header_3_font_size_tablet=&#8221;20px&#8221; header_3_font_size_phone=&#8221;&#8221; header_3_font_size_last_edited=&#8221;on|phone&#8221; use_border_color=&#8221;off&#8221; border_color=&#8221;#ffffff&#8221; border_style=&#8221;solid&#8221; global_colors_info=&#8221;{}&#8221;]<\/p>\n<h3>Bank<\/h3>\n<p>Sparekassen Danmark<\/p>\n<p>Reg.nr. 9070<br \/>Kontonr. 2070224006<\/p>\n<p>[\/et_pb_text][\/et_pb_column][et_pb_column type=&#8221;1_4&#8243; _builder_version=&#8221;4.16&#8243; custom_padding=&#8221;|||&#8221; global_colors_info=&#8221;{}&#8221; custom_padding__hover=&#8221;|||&#8221;][et_pb_text admin_label=&#8221;Text&#8221; _builder_version=&#8221;4.16&#8243; text_font=&#8221;Source Sans Pro||||&#8221; text_text_color=&#8221;#aaaaaa&#8221; text_font_size=&#8221;16&#8243; text_line_height=&#8221;1.5em&#8221; header_3_font=&#8221;|700|||||||&#8221; header_3_text_color=&#8221;#ffffff&#8221; background_size=&#8221;initial&#8221; background_position=&#8221;top_left&#8221; background_repeat=&#8221;repeat&#8221; max_width=&#8221;300px&#8221; custom_margin=&#8221;||||false|false&#8221; custom_margin_tablet=&#8221;||10px|&#8221; custom_margin_phone=&#8221;&#8221; custom_margin_last_edited=&#8221;on|tablet&#8221; custom_padding=&#8221;||||false|false&#8221; header_3_font_size_tablet=&#8221;&#8221; header_3_font_size_phone=&#8221;&#8221; header_3_font_size_last_edited=&#8221;on|tablet&#8221; use_border_color=&#8221;off&#8221; border_color=&#8221;#ffffff&#8221; border_style=&#8221;solid&#8221; global_colors_info=&#8221;{}&#8221;]<\/p>\n<h3>Kontakt<\/h3>\n<p>E-mail:<br \/> <a href=\"mai&#108;&#116;&#111;&#x3a;&#x66;&#x6f;&#x72;&#x73;&#x61;mli&#110;&#103;&#115;&#104;&#x75;&#x73;&#x40;&#x62;&#x6f;&#x75;lst&#114;&#117;&#112;&#x2e;&#x6e;&#x65;&#x74;\">&#102;&#x6f;&#114;&#x73;&#97;&#x6d;&#108;&#x69;&#110;&#x67;&#115;&#x68;&#117;&#x73;&#64;&#x62;&#111;&#x75;&#108;&#x73;&#116;&#x72;&#117;&#x70;&#46;&#x6e;&#101;&#x74;<\/a><\/p>\n<p>Telefon:\u00a0<a href=\"tel:+4529625750\">2962 5750<\/a><\/p>\n<p>[\/et_pb_text][\/et_pb_column][et_pb_column type=&#8221;1_4&#8243; _builder_version=&#8221;4.16&#8243; global_colors_info=&#8221;{}&#8221;][et_pb_text admin_label=&#8221;Text&#8221; _builder_version=&#8221;4.16&#8243; text_font=&#8221;Source Sans Pro||||&#8221; text_text_color=&#8221;#aaaaaa&#8221; text_font_size=&#8221;16&#8243; text_line_height=&#8221;1.5em&#8221; header_3_font=&#8221;|700|||||||&#8221; header_3_text_color=&#8221;#ffffff&#8221; header_3_font_size=&#8221;20px&#8221; background_size=&#8221;initial&#8221; background_position=&#8221;top_left&#8221; background_repeat=&#8221;repeat&#8221; max_width=&#8221;300px&#8221; custom_margin=&#8221;||30px|&#8221; custom_margin_tablet=&#8221;||10px|&#8221; custom_margin_phone=&#8221;&#8221; custom_margin_last_edited=&#8221;on|tablet&#8221; custom_padding=&#8221;0px|||&#8221; header_3_font_size_tablet=&#8221;&#8221; header_3_font_size_phone=&#8221;&#8221; header_3_font_size_last_edited=&#8221;on|desktop&#8221; use_border_color=&#8221;off&#8221; border_color=&#8221;#ffffff&#8221; border_style=&#8221;solid&#8221; global_colors_info=&#8221;{}&#8221;]<\/p>\n<h3>Udlejning<\/h3>\n<p><a href=\"\/forsamlingshus\/booking\/\">Booking<\/a><\/p>\n<p><a href=\"\/forsamlingshus\/priser\/\">Priser<\/a><\/p>\n<p><a href=\"\/forsamlingshus\/reglement\/\">Reglement<\/a><span style=\"font-size: 16px;\"><\/span><\/p>\n<p><a href=\"\/forsamlingshus\/persondatapolitik\/\">Persondatapolitik<\/a><\/p>\n<p><a href=\"tel:29625750\"><\/a><\/p>\n<p>[\/et_pb_text][\/et_pb_column][\/et_pb_row][et_pb_row _builder_version=&#8221;4.16&#8243; custom_margin=&#8221;-20px||||false|false&#8221; global_colors_info=&#8221;{}&#8221;][et_pb_column type=&#8221;4_4&#8243; _builder_version=&#8221;4.16&#8243; global_colors_info=&#8221;{}&#8221;][et_pb_text _builder_version=&#8221;4.16&#8243; text_text_color=&#8221;#999999&#8243; global_colors_info=&#8221;{}&#8221;]<\/p>\n<p style=\"text-align: center;\">&copy; <span class=\"divibooster_year\"><\/span><script>jQuery(function($){$(\".divibooster_year\").text(new Date().getFullYear());});<\/script> Boulstrup Forsamlingshus<\/p>\n<p>[\/et_pb_text][\/et_pb_column][\/et_pb_row][\/et_pb_section]<\/p>\n","protected":false},"excerpt":{"rendered":"<p>Billeder fra forsamlingshuset Vi savner nye billeder Nedenst\u00e5ende finder du nogle lidt \u00e6ldre billeder af forsamlingshuset. Desv\u00e6rre har det ikke v\u00e6ret muligt at f\u00e5 helt nye billeder med bordd\u00e6kning m.m., men siden vil blive opdateret med nye billeder (de gamle erstattes), s\u00e5 snart dette er muligt. Ligger du inde med billeder, som vi gerne m\u00e5 [&hellip;]<\/p>\n","protected":false},"author":1,"featured_media":0,"parent":0,"menu_order":0,"comment_status":"closed","ping_status":"closed","template":"","meta":{"_acf_changed":false,"_et_pb_use_builder":"on","_et_pb_old_content":"","_et_gb_content_width":"","footnotes":""},"class_list":["post-4003","page","type-page","status-publish","hentry"],"acf":[],"yoast_head":"<!-- This site is optimized with the Yoast SEO plugin v27.4 - https:\/\/yoast.com\/product\/yoast-seo-wordpress\/ -->\n<title>Galleri - Boulstrup Forsamlingshus<\/title>\n<meta name=\"robots\" content=\"index, follow, max-snippet:-1, max-image-preview:large, max-video-preview:-1\" \/>\n<link rel=\"canonical\" href=\"https:\/\/boulstrup.net\/forsamlingshus\/galleri\/\" \/>\n<meta property=\"og:locale\" content=\"da_DK\" \/>\n<meta property=\"og:type\" content=\"article\" \/>\n<meta property=\"og:title\" content=\"Galleri - Boulstrup Forsamlingshus\" \/>\n<meta property=\"og:description\" content=\"Billeder fra forsamlingshuset Vi savner nye billeder Nedenst\u00e5ende finder du nogle lidt \u00e6ldre billeder af forsamlingshuset. Desv\u00e6rre har det ikke v\u00e6ret muligt at f\u00e5 helt nye billeder med bordd\u00e6kning m.m., men siden vil blive opdateret med nye billeder (de gamle erstattes), s\u00e5 snart dette er muligt. Ligger du inde med billeder, som vi gerne m\u00e5 [&hellip;]\" \/>\n<meta property=\"og:url\" content=\"https:\/\/boulstrup.net\/forsamlingshus\/galleri\/\" \/>\n<meta property=\"og:site_name\" content=\"Boulstrup Forsamlingshus\" \/>\n<meta property=\"article:modified_time\" content=\"2025-12-30T22:05:23+00:00\" \/>\n<meta name=\"twitter:card\" content=\"summary_large_image\" \/>\n<meta name=\"twitter:label1\" content=\"Estimeret l\u00e6setid\" \/>\n\t<meta name=\"twitter:data1\" content=\"6 minutter\" \/>\n<script type=\"application\/ld+json\" class=\"yoast-schema-graph\">{\"@context\":\"https:\\\/\\\/schema.org\",\"@graph\":[{\"@type\":\"WebPage\",\"@id\":\"https:\\\/\\\/boulstrup.net\\\/forsamlingshus\\\/galleri\\\/\",\"url\":\"https:\\\/\\\/boulstrup.net\\\/forsamlingshus\\\/galleri\\\/\",\"name\":\"Galleri - Boulstrup Forsamlingshus\",\"isPartOf\":{\"@id\":\"https:\\\/\\\/boulstrup.net\\\/forsamlingshus\\\/#website\"},\"datePublished\":\"2019-09-15T18:19:19+00:00\",\"dateModified\":\"2025-12-30T22:05:23+00:00\",\"breadcrumb\":{\"@id\":\"https:\\\/\\\/boulstrup.net\\\/forsamlingshus\\\/galleri\\\/#breadcrumb\"},\"inLanguage\":\"da-DK\",\"potentialAction\":[{\"@type\":\"ReadAction\",\"target\":[\"https:\\\/\\\/boulstrup.net\\\/forsamlingshus\\\/galleri\\\/\"]}]},{\"@type\":\"BreadcrumbList\",\"@id\":\"https:\\\/\\\/boulstrup.net\\\/forsamlingshus\\\/galleri\\\/#breadcrumb\",\"itemListElement\":[{\"@type\":\"ListItem\",\"position\":1,\"name\":\"Home\",\"item\":\"https:\\\/\\\/boulstrup.net\\\/forsamlingshus\\\/\"},{\"@type\":\"ListItem\",\"position\":2,\"name\":\"Galleri\"}]},{\"@type\":\"WebSite\",\"@id\":\"https:\\\/\\\/boulstrup.net\\\/forsamlingshus\\\/#website\",\"url\":\"https:\\\/\\\/boulstrup.net\\\/forsamlingshus\\\/\",\"name\":\"Boulstrup Forsamlingshus\",\"description\":\"Boulstrup Forsamlingshus - privat udlejning, lokalr\u00e5dets arrangementer, julemarked m.m.\",\"publisher\":{\"@id\":\"https:\\\/\\\/boulstrup.net\\\/forsamlingshus\\\/#organization\"},\"potentialAction\":[{\"@type\":\"SearchAction\",\"target\":{\"@type\":\"EntryPoint\",\"urlTemplate\":\"https:\\\/\\\/boulstrup.net\\\/forsamlingshus\\\/?s={search_term_string}\"},\"query-input\":{\"@type\":\"PropertyValueSpecification\",\"valueRequired\":true,\"valueName\":\"search_term_string\"}}],\"inLanguage\":\"da-DK\"},{\"@type\":\"Organization\",\"@id\":\"https:\\\/\\\/boulstrup.net\\\/forsamlingshus\\\/#organization\",\"name\":\"Boulstrup Forsamlingshus\",\"url\":\"https:\\\/\\\/boulstrup.net\\\/forsamlingshus\\\/\",\"logo\":{\"@type\":\"ImageObject\",\"inLanguage\":\"da-DK\",\"@id\":\"https:\\\/\\\/boulstrup.net\\\/forsamlingshus\\\/#\\\/schema\\\/logo\\\/image\\\/\",\"url\":\"https:\\\/\\\/boulstrup.net\\\/forsamlingshus\\\/wp-content\\\/uploads\\\/2019\\\/09\\\/bf-nylogo_tilpasset_ny2.png\",\"contentUrl\":\"https:\\\/\\\/boulstrup.net\\\/forsamlingshus\\\/wp-content\\\/uploads\\\/2019\\\/09\\\/bf-nylogo_tilpasset_ny2.png\",\"width\":650,\"height\":200,\"caption\":\"Boulstrup Forsamlingshus\"},\"image\":{\"@id\":\"https:\\\/\\\/boulstrup.net\\\/forsamlingshus\\\/#\\\/schema\\\/logo\\\/image\\\/\"}}]}<\/script>\n<!-- \/ Yoast SEO plugin. -->","yoast_head_json":{"title":"Galleri - Boulstrup Forsamlingshus","robots":{"index":"index","follow":"follow","max-snippet":"max-snippet:-1","max-image-preview":"max-image-preview:large","max-video-preview":"max-video-preview:-1"},"canonical":"https:\/\/boulstrup.net\/forsamlingshus\/galleri\/","og_locale":"da_DK","og_type":"article","og_title":"Galleri - Boulstrup Forsamlingshus","og_description":"Billeder fra forsamlingshuset Vi savner nye billeder Nedenst\u00e5ende finder du nogle lidt \u00e6ldre billeder af forsamlingshuset. Desv\u00e6rre har det ikke v\u00e6ret muligt at f\u00e5 helt nye billeder med bordd\u00e6kning m.m., men siden vil blive opdateret med nye billeder (de gamle erstattes), s\u00e5 snart dette er muligt. Ligger du inde med billeder, som vi gerne m\u00e5 [&hellip;]","og_url":"https:\/\/boulstrup.net\/forsamlingshus\/galleri\/","og_site_name":"Boulstrup Forsamlingshus","article_modified_time":"2025-12-30T22:05:23+00:00","twitter_card":"summary_large_image","twitter_misc":{"Estimeret l\u00e6setid":"6 minutter"},"schema":{"@context":"https:\/\/schema.org","@graph":[{"@type":"WebPage","@id":"https:\/\/boulstrup.net\/forsamlingshus\/galleri\/","url":"https:\/\/boulstrup.net\/forsamlingshus\/galleri\/","name":"Galleri - Boulstrup Forsamlingshus","isPartOf":{"@id":"https:\/\/boulstrup.net\/forsamlingshus\/#website"},"datePublished":"2019-09-15T18:19:19+00:00","dateModified":"2025-12-30T22:05:23+00:00","breadcrumb":{"@id":"https:\/\/boulstrup.net\/forsamlingshus\/galleri\/#breadcrumb"},"inLanguage":"da-DK","potentialAction":[{"@type":"ReadAction","target":["https:\/\/boulstrup.net\/forsamlingshus\/galleri\/"]}]},{"@type":"BreadcrumbList","@id":"https:\/\/boulstrup.net\/forsamlingshus\/galleri\/#breadcrumb","itemListElement":[{"@type":"ListItem","position":1,"name":"Home","item":"https:\/\/boulstrup.net\/forsamlingshus\/"},{"@type":"ListItem","position":2,"name":"Galleri"}]},{"@type":"WebSite","@id":"https:\/\/boulstrup.net\/forsamlingshus\/#website","url":"https:\/\/boulstrup.net\/forsamlingshus\/","name":"Boulstrup Forsamlingshus","description":"Boulstrup Forsamlingshus - privat udlejning, lokalr\u00e5dets arrangementer, julemarked m.m.","publisher":{"@id":"https:\/\/boulstrup.net\/forsamlingshus\/#organization"},"potentialAction":[{"@type":"SearchAction","target":{"@type":"EntryPoint","urlTemplate":"https:\/\/boulstrup.net\/forsamlingshus\/?s={search_term_string}"},"query-input":{"@type":"PropertyValueSpecification","valueRequired":true,"valueName":"search_term_string"}}],"inLanguage":"da-DK"},{"@type":"Organization","@id":"https:\/\/boulstrup.net\/forsamlingshus\/#organization","name":"Boulstrup Forsamlingshus","url":"https:\/\/boulstrup.net\/forsamlingshus\/","logo":{"@type":"ImageObject","inLanguage":"da-DK","@id":"https:\/\/boulstrup.net\/forsamlingshus\/#\/schema\/logo\/image\/","url":"https:\/\/boulstrup.net\/forsamlingshus\/wp-content\/uploads\/2019\/09\/bf-nylogo_tilpasset_ny2.png","contentUrl":"https:\/\/boulstrup.net\/forsamlingshus\/wp-content\/uploads\/2019\/09\/bf-nylogo_tilpasset_ny2.png","width":650,"height":200,"caption":"Boulstrup Forsamlingshus"},"image":{"@id":"https:\/\/boulstrup.net\/forsamlingshus\/#\/schema\/logo\/image\/"}}]}},"_links":{"self":[{"href":"https:\/\/boulstrup.net\/forsamlingshus\/wp-json\/wp\/v2\/pages\/4003","targetHints":{"allow":["GET"]}}],"collection":[{"href":"https:\/\/boulstrup.net\/forsamlingshus\/wp-json\/wp\/v2\/pages"}],"about":[{"href":"https:\/\/boulstrup.net\/forsamlingshus\/wp-json\/wp\/v2\/types\/page"}],"author":[{"embeddable":true,"href":"https:\/\/boulstrup.net\/forsamlingshus\/wp-json\/wp\/v2\/users\/1"}],"replies":[{"embeddable":true,"href":"https:\/\/boulstrup.net\/forsamlingshus\/wp-json\/wp\/v2\/comments?post=4003"}],"version-history":[{"count":18,"href":"https:\/\/boulstrup.net\/forsamlingshus\/wp-json\/wp\/v2\/pages\/4003\/revisions"}],"predecessor-version":[{"id":49724,"href":"https:\/\/boulstrup.net\/forsamlingshus\/wp-json\/wp\/v2\/pages\/4003\/revisions\/49724"}],"wp:attachment":[{"href":"https:\/\/boulstrup.net\/forsamlingshus\/wp-json\/wp\/v2\/media?parent=4003"}],"curies":[{"name":"wp","href":"https:\/\/api.w.org\/{rel}","templated":true}]}}